{"id":2,"date":"2023-03-28T09:25:22","date_gmt":"2023-03-28T09:25:22","guid":{"rendered":"https:\/\/giorgioevents.es\/?page_id=2"},"modified":"2023-03-28T09:25:22","modified_gmt":"2023-03-28T09:25:22","slug":"sample-page","status":"publish","type":"page","link":"https:\/\/giorgioevents.es\/ca\/sample-page\/","title":{"rendered":"Sample Page"},"content":{"rendered":"<p>This is an example page. \u00c9s different del bloc post because que est\u00e0 en un lloc i s&#039;hi pot veure en el seu lloc de navegaci\u00f3 (in most themes). Most people start with out page that introdu\u00efs them to potential site visitors. It might say something like this:<\/p>\n\n\n\n<blockquote class=\"wp-block-quote\"><p>Hi there! I&#039;m a bike messenger per dia, aspiraci\u00f3 d&#039;actor per nit, i aquest \u00e9s el meu lloc web. I live in Los Angeles, hi ha great dog named Jack, and I like pinya colades. (And gettin&#039; caught in the rain.)<\/p><\/blockquote>\n\n\n\n<p>\u2026or something like this:<\/p>\n\n\n\n<blockquote class=\"wp-block-quote\"><p>The XYZ Doohickey Company va ser fundada el 1971, i has be providing qualitat doohickeys al p\u00fablic sense since. Localitzats en Gotham City, XYZ employs over 2,000 people and does all kinds awesome things for the Gotham community.<\/p><\/blockquote>\n\n\n\n<p>Aix a new WordPress user, you should go to <a href=\"https:\/\/giorgioevents.es\/wp-admin\/\">your dashboard<\/a> to delete this page and create new pages for your content. Have fun!<\/p>","protected":false},"excerpt":{"rendered":"<p>This is an example page. It&#8217;s different from a blog post because it will stay in one place and will show up in your site navigation (in most themes). Most people start with an About page that introduces them to potential site visitors. It might say something like this: Hi there! I&#8217;m a bike messenger &hellip;<\/p>\n<p class=\"read-more\"> <a class=\"\" href=\"https:\/\/giorgioevents.es\/ca\/sample-page\/\"> <span class=\"screen-reader-text\">Sample Page<\/span> Llegeix m\u00e9s \u00bb<\/a><\/p>","protected":false},"author":1,"featured_media":0,"parent":0,"menu_order":9,"comment_status":"closed","ping_status":"open","template":"","meta":{"site-sidebar-layout":"default","site-content-layout":"default","ast-global-header-display":"","ast-main-header-display":"","ast-hfb-above-header-display":"","ast-hfb-below-header-display":"","ast-hfb-mobile-header-display":"","site-post-title":"","ast-breadcrumbs-content":"","ast-featured-img":"","footer-sml-layout":"","theme-transparent-header-meta":"","adv-header-id-meta":"","stick-header-meta":"","header-above-stick-meta":"","header-main-stick-meta":"","header-below-stick-meta":""},"acf":[],"yoast_head":"<!-- This site is optimized with the Yoast SEO plugin v20.3 - https:\/\/yoast.com\/wordpress\/plugins\/seo\/ -->\n<title>Sample Page - Giorgio Events<\/title>\n<meta name=\"robots\" content=\"index, follow, max-snippet:-1, max-image-preview:large, max-video-preview:-1\" \/>\n<link rel=\"canonical\" href=\"https:\/\/giorgioevents.es\/ca\/sample-page\/\" \/>\n<meta property=\"og:locale\" content=\"ca_ES\" \/>\n<meta property=\"og:type\" content=\"article\" \/>\n<meta property=\"og:title\" content=\"Sample Page - Giorgio Events\" \/>\n<meta property=\"og:description\" content=\"This is an example page. It&#8217;s different from a blog post because it will stay in one place and will show up in your site navigation (in most themes). Most people start with an About page that introduces them to potential site visitors. It might say something like this: Hi there! I&#8217;m a bike messenger &hellip; Sample Page Llegeix m\u00e9s &raquo;\" \/>\n<meta property=\"og:url\" content=\"https:\/\/giorgioevents.es\/ca\/sample-page\/\" \/>\n<meta property=\"og:site_name\" content=\"Giorgio Events\" \/>\n<meta property=\"article:publisher\" content=\"https:\/\/www.facebook.com\/giorgioevents2020\/\" \/>\n<meta name=\"twitter:card\" content=\"summary_large_image\" \/>\n<meta name=\"twitter:label1\" content=\"Temps estimat de lectura\" \/>\n\t<meta name=\"twitter:data1\" content=\"1 minut\" \/>\n<script type=\"application\/ld+json\" class=\"yoast-schema-graph\">{\"@context\":\"https:\/\/schema.org\",\"@graph\":[{\"@type\":\"WebPage\",\"@id\":\"https:\/\/giorgioevents.es\/sample-page\/\",\"url\":\"https:\/\/giorgioevents.es\/sample-page\/\",\"name\":\"Sample Page - Giorgio Events\",\"isPartOf\":{\"@id\":\"https:\/\/giorgioevents.es\/#website\"},\"datePublished\":\"2023-03-28T09:25:22+00:00\",\"dateModified\":\"2023-03-28T09:25:22+00:00\",\"breadcrumb\":{\"@id\":\"https:\/\/giorgioevents.es\/sample-page\/#breadcrumb\"},\"inLanguage\":\"ca\",\"potentialAction\":[{\"@type\":\"ReadAction\",\"target\":[\"https:\/\/giorgioevents.es\/sample-page\/\"]}]},{\"@type\":\"BreadcrumbList\",\"@id\":\"https:\/\/giorgioevents.es\/sample-page\/#breadcrumb\",\"itemListElement\":[{\"@type\":\"ListItem\",\"position\":1,\"name\":\"Home\",\"item\":\"https:\/\/giorgioevents.es\/\"},{\"@type\":\"ListItem\",\"position\":2,\"name\":\"Sample Page\"}]},{\"@type\":\"WebSite\",\"@id\":\"https:\/\/giorgioevents.es\/#website\",\"url\":\"https:\/\/giorgioevents.es\/\",\"name\":\"Giorgio Events\",\"description\":\"Giorgio Events\",\"publisher\":{\"@id\":\"https:\/\/giorgioevents.es\/#organization\"},\"potentialAction\":[{\"@type\":\"SearchAction\",\"target\":{\"@type\":\"EntryPoint\",\"urlTemplate\":\"https:\/\/giorgioevents.es\/?s={search_term_string}\"},\"query-input\":\"required name=search_term_string\"}],\"inLanguage\":\"ca\"},{\"@type\":\"Organization\",\"@id\":\"https:\/\/giorgioevents.es\/#organization\",\"name\":\"Giorgio Events\",\"url\":\"https:\/\/giorgioevents.es\/\",\"logo\":{\"@type\":\"ImageObject\",\"inLanguage\":\"ca\",\"@id\":\"https:\/\/giorgioevents.es\/#\/schema\/logo\/image\/\",\"url\":\"http:\/\/giorgioevents.es\/wp-content\/uploads\/2023\/03\/Recurso-3.png\",\"contentUrl\":\"http:\/\/giorgioevents.es\/wp-content\/uploads\/2023\/03\/Recurso-3.png\",\"width\":345,\"height\":346,\"caption\":\"Giorgio Events\"},\"image\":{\"@id\":\"https:\/\/giorgioevents.es\/#\/schema\/logo\/image\/\"},\"sameAs\":[\"https:\/\/www.facebook.com\/giorgioevents2020\/\"]}]}<\/script>\n<!-- \/ Yoast SEO plugin. -->","yoast_head_json":{"title":"Sample Page - Giorgio Events","robots":{"index":"index","follow":"follow","max-snippet":"max-snippet:-1","max-image-preview":"max-image-preview:large","max-video-preview":"max-video-preview:-1"},"canonical":"https:\/\/giorgioevents.es\/ca\/sample-page\/","og_locale":"ca_ES","og_type":"article","og_title":"Sample Page - Giorgio Events","og_description":"This is an example page. It&#8217;s different from a blog post because it will stay in one place and will show up in your site navigation (in most themes). Most people start with an About page that introduces them to potential site visitors. It might say something like this: Hi there! I&#8217;m a bike messenger &hellip; Sample Page Llegeix m\u00e9s &raquo;","og_url":"https:\/\/giorgioevents.es\/ca\/sample-page\/","og_site_name":"Giorgio Events","article_publisher":"https:\/\/www.facebook.com\/giorgioevents2020\/","twitter_card":"summary_large_image","twitter_misc":{"Temps estimat de lectura":"1 minut"},"schema":{"@context":"https:\/\/schema.org","@graph":[{"@type":"WebPage","@id":"https:\/\/giorgioevents.es\/sample-page\/","url":"https:\/\/giorgioevents.es\/sample-page\/","name":"Sample Page - Giorgio Events","isPartOf":{"@id":"https:\/\/giorgioevents.es\/#website"},"datePublished":"2023-03-28T09:25:22+00:00","dateModified":"2023-03-28T09:25:22+00:00","breadcrumb":{"@id":"https:\/\/giorgioevents.es\/sample-page\/#breadcrumb"},"inLanguage":"ca","potentialAction":[{"@type":"ReadAction","target":["https:\/\/giorgioevents.es\/sample-page\/"]}]},{"@type":"BreadcrumbList","@id":"https:\/\/giorgioevents.es\/sample-page\/#breadcrumb","itemListElement":[{"@type":"ListItem","position":1,"name":"Home","item":"https:\/\/giorgioevents.es\/"},{"@type":"ListItem","position":2,"name":"Sample Page"}]},{"@type":"WebSite","@id":"https:\/\/giorgioevents.es\/#website","url":"https:\/\/giorgioevents.es\/","name":"Giorgio Events","description":"Giorgio Events","publisher":{"@id":"https:\/\/giorgioevents.es\/#organization"},"potentialAction":[{"@type":"SearchAction","target":{"@type":"EntryPoint","urlTemplate":"https:\/\/giorgioevents.es\/?s={search_term_string}"},"query-input":"required name=search_term_string"}],"inLanguage":"ca"},{"@type":"Organization","@id":"https:\/\/giorgioevents.es\/#organization","name":"Giorgio Events","url":"https:\/\/giorgioevents.es\/","logo":{"@type":"ImageObject","inLanguage":"ca","@id":"https:\/\/giorgioevents.es\/#\/schema\/logo\/image\/","url":"http:\/\/giorgioevents.es\/wp-content\/uploads\/2023\/03\/Recurso-3.png","contentUrl":"http:\/\/giorgioevents.es\/wp-content\/uploads\/2023\/03\/Recurso-3.png","width":345,"height":346,"caption":"Giorgio Events"},"image":{"@id":"https:\/\/giorgioevents.es\/#\/schema\/logo\/image\/"},"sameAs":["https:\/\/www.facebook.com\/giorgioevents2020\/"]}]}},"_links":{"self":[{"href":"https:\/\/giorgioevents.es\/ca\/wp-json\/wp\/v2\/pages\/2"}],"collection":[{"href":"https:\/\/giorgioevents.es\/ca\/wp-json\/wp\/v2\/pages"}],"about":[{"href":"https:\/\/giorgioevents.es\/ca\/wp-json\/wp\/v2\/types\/page"}],"author":[{"embeddable":true,"href":"https:\/\/giorgioevents.es\/ca\/wp-json\/wp\/v2\/users\/1"}],"replies":[{"embeddable":true,"href":"https:\/\/giorgioevents.es\/ca\/wp-json\/wp\/v2\/comments?post=2"}],"version-history":[{"count":0,"href":"https:\/\/giorgioevents.es\/ca\/wp-json\/wp\/v2\/pages\/2\/revisions"}],"wp:attachment":[{"href":"https:\/\/giorgioevents.es\/ca\/wp-json\/wp\/v2\/media?parent=2"}],"curies":[{"name":"wp","href":"https:\/\/api.w.org\/{rel}","templated":true}]}}