{"id":782,"date":"2020-11-25T09:13:30","date_gmt":"2020-11-25T09:13:30","guid":{"rendered":"https:\/\/giorgioevents.es\/index.php\/contact\/"},"modified":"2023-04-14T18:11:52","modified_gmt":"2023-04-14T16:11:52","slug":"contact","status":"publish","type":"page","link":"https:\/\/giorgioevents.es\/ca\/contact\/","title":{"rendered":"Contact"},"content":{"rendered":"<div data-elementor-type=\"wp-page\" data-elementor-id=\"782\" class=\"elementor elementor-782\">\n\t\t\t\t\t\t\t\t\t<section class=\"elementor-section elementor-top-section elementor-element elementor-element-2368238 elementor-section-full_width elementor-section-height-default elementor-section-height-default\" data-id=\"2368238\" data-element_type=\"section\" data-settings=\"{&quot;background_background&quot;:&quot;classic&quot;}\" data-e-bg-lazyload=\"\">\n\t\t\t\t\t\t<div class=\"elementor-container elementor-column-gap-no\">\n\t\t\t\t\t<div class=\"elementor-column elementor-col-100 elementor-top-column elementor-element elementor-element-8a80016\" data-id=\"8a80016\" data-element_type=\"column\">\n\t\t\t<div class=\"elementor-widget-wrap elementor-element-populated\">\n\t\t\t\t\t\t\t\t<div class=\"elementor-element elementor-element-492e1d1 elementor-widget elementor-widget-heading\" data-id=\"492e1d1\" data-element_type=\"widget\" data-widget_type=\"heading.default\">\n\t\t\t\t<div class=\"elementor-widget-container\">\n\t\t\t<style>\/*! elementor - v3.13.3 - 22-05-2023 *\/\n.elementor-heading-title{padding:0;margin:0;line-height:1}.elementor-widget-heading .elementor-heading-title[class*=elementor-size-]>a{color:inherit;font-size:inherit;line-height:inherit}.elementor-widget-heading .elementor-heading-title.elementor-size-small{font-size:15px}.elementor-widget-heading .elementor-heading-title.elementor-size-medium{font-size:19px}.elementor-widget-heading .elementor-heading-title.elementor-size-large{font-size:29px}.elementor-widget-heading .elementor-heading-title.elementor-size-xl{font-size:39px}.elementor-widget-heading .elementor-heading-title.elementor-size-xxl{font-size:59px}<\/style><h1 class=\"elementor-heading-title elementor-size-default\">Contacta&#039;ns<\/h1>\t\t<\/div>\n\t\t\t\t<\/div>\n\t\t\t\t<div class=\"elementor-element elementor-element-6b50f2b elementor-widget-divider--view-line elementor-widget elementor-widget-divider\" data-id=\"6b50f2b\" data-element_type=\"widget\" data-widget_type=\"divider.default\">\n\t\t\t\t<div class=\"elementor-widget-container\">\n\t\t\t<style>\/*! elementor - v3.13.3 - 22-05-2023 *\/\n.elementor-widget-divider{--divider-border-style:none;--divider-border-width:1px;--divider-color:#0c0d0e;--divider-icon-size:20px;--divider-element-spacing:10px;--divider-pattern-height:24px;--divider-pattern-size:20px;--divider-pattern-url:none;--divider-pattern-repeat:repeat-x}.elementor-widget-divider .elementor-divider{display:flex}.elementor-widget-divider .elementor-divider__text{font-size:15px;line-height:1;max-width:95%}.elementor-widget-divider .elementor-divider__element{margin:0 var(--divider-element-spacing);flex-shrink:0}.elementor-widget-divider .elementor-icon{font-size:var(--divider-icon-size)}.elementor-widget-divider .elementor-divider-separator{display:flex;margin:0;direction:ltr}.elementor-widget-divider--view-line_icon .elementor-divider-separator,.elementor-widget-divider--view-line_text .elementor-divider-separator{align-items:center}.elementor-widget-divider--view-line_icon .elementor-divider-separator:after,.elementor-widget-divider--view-line_icon .elementor-divider-separator:before,.elementor-widget-divider--view-line_text .elementor-divider-separator:after,.elementor-widget-divider--view-line_text .elementor-divider-separator:before{display:block;content:\"\";border-bottom:0;flex-grow:1;border-top:var(--divider-border-width) var(--divider-border-style) var(--divider-color)}.elementor-widget-divider--element-align-left .elementor-divider .elementor-divider-separator>.elementor-divider__svg:first-of-type{flex-grow:0;flex-shrink:100}.elementor-widget-divider--element-align-left .elementor-divider-separator:before{content:none}.elementor-widget-divider--element-align-left .elementor-divider__element{margin-left:0}.elementor-widget-divider--element-align-right .elementor-divider .elementor-divider-separator>.elementor-divider__svg:last-of-type{flex-grow:0;flex-shrink:100}.elementor-widget-divider--element-align-right .elementor-divider-separator:after{content:none}.elementor-widget-divider--element-align-right .elementor-divider__element{margin-right:0}.elementor-widget-divider:not(.elementor-widget-divider--view-line_text):not(.elementor-widget-divider--view-line_icon) .elementor-divider-separator{border-top:var(--divider-border-width) var(--divider-border-style) var(--divider-color)}.elementor-widget-divider--separator-type-pattern{--divider-border-style:none}.elementor-widget-divider--separator-type-pattern.elementor-widget-divider--view-line .elementor-divider-separator,.elementor-widget-divider--separator-type-pattern:not(.elementor-widget-divider--view-line) .elementor-divider-separator:after,.elementor-widget-divider--separator-type-pattern:not(.elementor-widget-divider--view-line) .elementor-divider-separator:before,.elementor-widget-divider--separator-type-pattern:not([class*=elementor-widget-divider--view]) .elementor-divider-separator{width:100%;min-height:var(--divider-pattern-height);-webkit-mask-size:var(--divider-pattern-size) 100%;mask-size:var(--divider-pattern-size) 100%;-webkit-mask-repeat:var(--divider-pattern-repeat);mask-repeat:var(--divider-pattern-repeat);background-color:var(--divider-color);-webkit-mask-image:var(--divider-pattern-url);mask-image:var(--divider-pattern-url)}.elementor-widget-divider--no-spacing{--divider-pattern-size:auto}.elementor-widget-divider--bg-round{--divider-pattern-repeat:round}.rtl .elementor-widget-divider .elementor-divider__text{direction:rtl}.e-con-inner>.elementor-widget-divider,.e-con>.elementor-widget-divider{width:var(--container-widget-width,100%);--flex-grow:var(--container-widget-flex-grow)}<\/style>\t\t<div class=\"elementor-divider\">\n\t\t\t<span class=\"elementor-divider-separator\">\n\t\t\t\t\t\t<\/span>\n\t\t<\/div>\n\t\t\t\t<\/div>\n\t\t\t\t<\/div>\n\t\t\t\t<div class=\"elementor-element elementor-element-5e52d8c elementor-widget-divider--view-line elementor-widget elementor-widget-divider\" data-id=\"5e52d8c\" data-element_type=\"widget\" data-widget_type=\"divider.default\">\n\t\t\t\t<div class=\"elementor-widget-container\">\n\t\t\t\t\t<div class=\"elementor-divider\">\n\t\t\t<span class=\"elementor-divider-separator\">\n\t\t\t\t\t\t<\/span>\n\t\t<\/div>\n\t\t\t\t<\/div>\n\t\t\t\t<\/div>\n\t\t\t\t<section class=\"elementor-section elementor-inner-section elementor-element elementor-element-c0ae3fe elementor-section-boxed elementor-section-height-default elementor-section-height-default\" data-id=\"c0ae3fe\" data-element_type=\"section\">\n\t\t\t\t\t\t<div class=\"elementor-container elementor-column-gap-default\">\n\t\t\t\t\t<div class=\"elementor-column elementor-col-50 elementor-inner-column elementor-element elementor-element-00a4063\" data-id=\"00a4063\" data-element_type=\"column\">\n\t\t\t<div class=\"elementor-widget-wrap elementor-element-populated\">\n\t\t\t\t\t\t\t\t<div class=\"elementor-element elementor-element-eb83c84 elementor-widget elementor-widget-wpforms\" data-id=\"eb83c84\" data-element_type=\"widget\" data-widget_type=\"wpforms.default\">\n\t\t\t\t<div class=\"elementor-widget-container\">\n\t\t\t<div class=\"wpforms-container\" id=\"wpforms-1591\"><form id=\"wpforms-form-1591\" class=\"wpforms-validate wpforms-form wpforms-ajax-form\" data-formid=\"1591\" method=\"post\" enctype=\"multipart\/form-data\" action=\"\/ca\/wp-json\/wp\/v2\/pages\/782\" data-token=\"52e9c12202701af66eed1666f3e5fdf5\" data-trp-original-action=\"\/ca\/wp-json\/wp\/v2\/pages\/782\"><noscript class=\"wpforms-error-noscript\">Si us plau, enable JavaScript al navegador per completar aquest format.<\/noscript><div class=\"wpforms-field-container\"><div id=\"wpforms-1591-field_1-container\" class=\"wpforms-field wpforms-field-name\" data-field-id=\"1\"><label class=\"wpforms-field-label wpforms-label-hide\" for=\"wpforms-1591-field_1\">Nom <span class=\"wpforms-required-label\">*<\/span><\/label><div class=\"wpforms-field-row wpforms-field-large\"><div class=\"wpforms-field-row-block wpforms-first wpforms-one-half\"><input type=\"text\" id=\"wpforms-1591-field_1\" class=\"wpforms-field-name-first wpforms-field-required\" name=\"wpforms[fields][1][first]\" placeholder=\"Nom\" required><label for=\"wpforms-1591-field_1\" class=\"wpforms-field-sublabel after wpforms-sublabel-hide\">First<\/label><\/div><div class=\"wpforms-field-row-block wpforms-one-half\"><input type=\"text\" id=\"wpforms-1591-field_1-last\" class=\"wpforms-field-name-last wpforms-field-required\" name=\"wpforms[fields][1][last]\" placeholder=\"Cognoms\" required><label for=\"wpforms-1591-field_1-last\" class=\"wpforms-field-sublabel after wpforms-sublabel-hide\">Last<\/label><\/div><\/div><\/div><div id=\"wpforms-1591-field_2-container\" class=\"wpforms-field wpforms-field-email\" data-field-id=\"2\"><label class=\"wpforms-field-label wpforms-label-hide\" for=\"wpforms-1591-field_2\">Correu electr\u00f2nic <span class=\"wpforms-required-label\">*<\/span><\/label><input type=\"email\" id=\"wpforms-1591-field_2\" class=\"wpforms-field-large wpforms-field-required\" name=\"wpforms[fields][2]\" placeholder=\"Email\" required><\/div><div id=\"wpforms-1591-field_3-container\" class=\"wpforms-field wpforms-field-textarea\" data-field-id=\"3\"><label class=\"wpforms-field-label wpforms-label-hide\" for=\"wpforms-1591-field_3\">Missatge<\/label><textarea id=\"wpforms-1591-field_3\" class=\"wpforms-field-small\" name=\"wpforms[fields][3]\" placeholder=\"Missatge\" ><\/textarea><\/div><div id=\"wpforms-1591-field_4-container\" class=\"wpforms-field wpforms-field-gdpr-checkbox\" data-field-id=\"4\"><label class=\"wpforms-field-label\" for=\"wpforms-1591-field_4\">Acord RGPD <span class=\"wpforms-required-label\">*<\/span><\/label><ul id=\"wpforms-1591-field_4\" class=\"wpforms-field-required\"><li class=\"choice-1\"><input type=\"checkbox\" id=\"wpforms-1591-field_4_1\" name=\"wpforms[fields][4][]\" value=\"Doy mi consentimiento para que esta web almacene la informaci\u00f3n que env\u00edo para que puedan responder a mi petici\u00f3n.\" required><label class=\"wpforms-field-label-inline\" for=\"wpforms-1591-field_4_1\">Dono el meu consentiment perqu\u00e8 aquesta web emmagatzemi la informaci\u00f3 que envio perqu\u00e8 puguin respondre a la meva petici\u00f3.<\/label><\/li><\/ul><\/div><\/div><div class=\"wpforms-submit-container\"><input type=\"hidden\" name=\"wpforms[id]\" value=\"1591\"><input type=\"hidden\" name=\"wpforms[author]\" value=\"1\"><button type=\"submit\" name=\"wpforms[submit]\" id=\"wpforms-submit-1591\" class=\"wpforms-submit\" data-alt-text=\"Enviando...\" data-submit-text=\"Enviar\" aria-live=\"assertive\" value=\"wpforms-submit\">Enviar<\/button><img decoding=\"async\" loading=\"lazy\" src=\"https:\/\/giorgioevents.es\/wp-content\/plugins\/wpforms-lite\/assets\/images\/submit-spin.svg\" class=\"wpforms-submit-spinner\" style=\"display: none;\" width=\"26\" height=\"26\" alt=\"Loading\"><\/div><input type=\"hidden\" name=\"trp-form-language\" value=\"ca\"\/><\/form><\/div>  <!-- .wpforms-container -->\t\t<\/div>\n\t\t\t\t<\/div>\n\t\t\t\t\t<\/div>\n\t\t<\/div>\n\t\t\t\t<div class=\"elementor-column elementor-col-50 elementor-inner-column elementor-element elementor-element-5d89b23\" data-id=\"5d89b23\" data-element_type=\"column\">\n\t\t\t<div class=\"elementor-widget-wrap elementor-element-populated\">\n\t\t\t\t\t\t\t\t<div class=\"elementor-element elementor-element-b2317be elementor-widget elementor-widget-image-carousel\" data-id=\"b2317be\" data-element_type=\"widget\" data-settings=\"{&quot;slides_to_show&quot;:&quot;1&quot;,&quot;navigation&quot;:&quot;none&quot;,&quot;autoplay&quot;:&quot;yes&quot;,&quot;pause_on_hover&quot;:&quot;yes&quot;,&quot;pause_on_interaction&quot;:&quot;yes&quot;,&quot;autoplay_speed&quot;:5000,&quot;infinite&quot;:&quot;yes&quot;,&quot;effect&quot;:&quot;slide&quot;,&quot;speed&quot;:500}\" data-widget_type=\"image-carousel.default\">\n\t\t\t\t<div class=\"elementor-widget-container\">\n\t\t\t<style>\/*! elementor - v3.13.3 - 22-05-2023 *\/\n.elementor-widget-image-carousel .swiper,.elementor-widget-image-carousel .swiper-container{position:static}.elementor-widget-image-carousel .swiper-container .swiper-slide figure,.elementor-widget-image-carousel .swiper .swiper-slide figure{line-height:inherit}.elementor-widget-image-carousel .swiper-slide{text-align:center}.elementor-image-carousel-wrapper:not(.swiper-container-initialized):not(.swiper-initialized) .swiper-slide{max-width:calc(100% \/ var(--e-image-carousel-slides-to-show, 3))}<\/style>\t\t<div class=\"elementor-image-carousel-wrapper swiper\" dir=\"ltr\">\n\t\t\t<div class=\"elementor-image-carousel swiper-wrapper swiper-image-stretch\">\n\t\t\t\t\t\t\t\t<div class=\"swiper-slide\"><figure class=\"swiper-slide-inner\"><img decoding=\"async\" class=\"swiper-slide-image\" src=\"https:\/\/giorgioevents.es\/wp-content\/uploads\/2023\/04\/LOGO10-removebg-preview.png\" alt=\"LOGO10-removebg-preview\" \/><\/figure><\/div><div class=\"swiper-slide\"><figure class=\"swiper-slide-inner\"><img decoding=\"async\" class=\"swiper-slide-image\" src=\"https:\/\/giorgioevents.es\/wp-content\/uploads\/2023\/04\/LOGO9-removebg-preview.png\" alt=\"LOGO9-removebg-preview\" \/><\/figure><\/div><div class=\"swiper-slide\"><figure class=\"swiper-slide-inner\"><img decoding=\"async\" class=\"swiper-slide-image\" src=\"https:\/\/giorgioevents.es\/wp-content\/uploads\/2023\/04\/LOGO8-removebg-preview.png\" alt=\"LOGO8-removebg-preview\" \/><\/figure><\/div><div class=\"swiper-slide\"><figure class=\"swiper-slide-inner\"><img decoding=\"async\" class=\"swiper-slide-image\" src=\"https:\/\/giorgioevents.es\/wp-content\/uploads\/2023\/04\/LOGO7-removebg-preview.png\" alt=\"LOGO7-removebg-preview\" \/><\/figure><\/div><div class=\"swiper-slide\"><figure class=\"swiper-slide-inner\"><img decoding=\"async\" class=\"swiper-slide-image\" src=\"https:\/\/giorgioevents.es\/wp-content\/uploads\/2023\/04\/LOGO6-removebg-preview.png\" alt=\"LOGO6-removebg-preview\" \/><\/figure><\/div><div class=\"swiper-slide\"><figure class=\"swiper-slide-inner\"><img decoding=\"async\" class=\"swiper-slide-image\" src=\"https:\/\/giorgioevents.es\/wp-content\/uploads\/2023\/04\/bentley-logo-1-1.png\" alt=\"bentley-logo (1)\" \/><\/figure><\/div><div class=\"swiper-slide\"><figure class=\"swiper-slide-inner\"><img decoding=\"async\" class=\"swiper-slide-image\" src=\"https:\/\/giorgioevents.es\/wp-content\/uploads\/2023\/04\/logo-Lamborghini.png\" alt=\"logo-Lamborghini\" \/><\/figure><\/div><div class=\"swiper-slide\"><figure class=\"swiper-slide-inner\"><img decoding=\"async\" class=\"swiper-slide-image\" src=\"https:\/\/giorgioevents.es\/wp-content\/uploads\/2023\/04\/LOGO5-removebg-preview.png\" alt=\"LOGO5-removebg-preview\" \/><\/figure><\/div><div class=\"swiper-slide\"><figure class=\"swiper-slide-inner\"><img decoding=\"async\" class=\"swiper-slide-image\" src=\"https:\/\/giorgioevents.es\/wp-content\/uploads\/2023\/04\/LOGO4-removebg-preview.png\" alt=\"LOGO4-removebg-preview\" \/><\/figure><\/div><div class=\"swiper-slide\"><figure class=\"swiper-slide-inner\"><img decoding=\"async\" class=\"swiper-slide-image\" src=\"https:\/\/giorgioevents.es\/wp-content\/uploads\/2023\/04\/LOGO2-removebg-preview.png\" alt=\"LOGO2-removebg-preview\" \/><\/figure><\/div><div class=\"swiper-slide\"><figure class=\"swiper-slide-inner\"><img decoding=\"async\" class=\"swiper-slide-image\" src=\"https:\/\/giorgioevents.es\/wp-content\/uploads\/2023\/04\/colab6-removebg-preview.png\" alt=\"colab6-removebg-preview\" \/><\/figure><\/div><div class=\"swiper-slide\"><figure class=\"swiper-slide-inner\"><img decoding=\"async\" class=\"swiper-slide-image\" src=\"https:\/\/giorgioevents.es\/wp-content\/uploads\/2023\/04\/colab4-removebg-preview.png\" alt=\"colab4-removebg-preview\" \/><\/figure><\/div>\t\t\t<\/div>\n\t\t\t\t\t\t\t\t\t\t\t\t\t\t\t\t<\/div>\n\t\t\t\t<\/div>\n\t\t\t\t<\/div>\n\t\t\t\t\t<\/div>\n\t\t<\/div>\n\t\t\t\t\t\t\t<\/div>\n\t\t<\/section>\n\t\t\t\t\t<\/div>\n\t\t<\/div>\n\t\t\t\t\t\t\t<\/div>\n\t\t<\/section>\n\t\t\t\t\t\t\t<\/div>","protected":false},"excerpt":{"rendered":"<p>Contacta&#039;ns<\/p>","protected":false},"author":1,"featured_media":0,"parent":0,"menu_order":7,"comment_status":"closed","ping_status":"closed","template":"","meta":{"site-sidebar-layout":"no-sidebar","site-content-layout":"page-builder","ast-global-header-display":"","ast-main-header-display":"","ast-hfb-above-header-display":"","ast-hfb-below-header-display":"","ast-hfb-mobile-header-display":"","site-post-title":"disabled","ast-breadcrumbs-content":"","ast-featured-img":"disabled","footer-sml-layout":"","theme-transparent-header-meta":"enabled","adv-header-id-meta":"","stick-header-meta":"","header-above-stick-meta":"","header-main-stick-meta":"","header-below-stick-meta":""},"acf":[],"yoast_head":"<!-- This site is optimized with the Yoast SEO plugin v20.3 - https:\/\/yoast.com\/wordpress\/plugins\/seo\/ -->\n<title>Contact - Giorgio Events<\/title>\n<meta name=\"robots\" content=\"index, follow, max-snippet:-1, max-image-preview:large, max-video-preview:-1\" \/>\n<link rel=\"canonical\" href=\"https:\/\/giorgioevents.es\/ca\/contact\/\" \/>\n<meta property=\"og:locale\" content=\"ca_ES\" \/>\n<meta property=\"og:type\" content=\"article\" \/>\n<meta property=\"og:title\" content=\"Contact - Giorgio Events\" \/>\n<meta property=\"og:description\" content=\"Contactanos\" \/>\n<meta property=\"og:url\" content=\"https:\/\/giorgioevents.es\/ca\/contact\/\" \/>\n<meta property=\"og:site_name\" content=\"Giorgio Events\" \/>\n<meta property=\"article:publisher\" content=\"https:\/\/www.facebook.com\/giorgioevents2020\/\" \/>\n<meta property=\"article:modified_time\" content=\"2023-04-14T16:11:52+00:00\" \/>\n<meta property=\"og:image\" content=\"http:\/\/giorgioevents.es\/wp-content\/uploads\/2023\/04\/LOGO10-removebg-preview.png\" \/>\n<meta name=\"twitter:card\" content=\"summary_large_image\" \/>\n<meta name=\"twitter:label1\" content=\"Temps estimat de lectura\" \/>\n\t<meta name=\"twitter:data1\" content=\"4 minuts\" \/>\n<script type=\"application\/ld+json\" class=\"yoast-schema-graph\">{\"@context\":\"https:\/\/schema.org\",\"@graph\":[{\"@type\":\"WebPage\",\"@id\":\"https:\/\/giorgioevents.es\/contact\/\",\"url\":\"https:\/\/giorgioevents.es\/contact\/\",\"name\":\"Contact - Giorgio Events\",\"isPartOf\":{\"@id\":\"https:\/\/giorgioevents.es\/#website\"},\"datePublished\":\"2020-11-25T09:13:30+00:00\",\"dateModified\":\"2023-04-14T16:11:52+00:00\",\"breadcrumb\":{\"@id\":\"https:\/\/giorgioevents.es\/contact\/#breadcrumb\"},\"inLanguage\":\"ca\",\"potentialAction\":[{\"@type\":\"ReadAction\",\"target\":[\"https:\/\/giorgioevents.es\/contact\/\"]}]},{\"@type\":\"BreadcrumbList\",\"@id\":\"https:\/\/giorgioevents.es\/contact\/#breadcrumb\",\"itemListElement\":[{\"@type\":\"ListItem\",\"position\":1,\"name\":\"Home\",\"item\":\"https:\/\/giorgioevents.es\/\"},{\"@type\":\"ListItem\",\"position\":2,\"name\":\"Contact\"}]},{\"@type\":\"WebSite\",\"@id\":\"https:\/\/giorgioevents.es\/#website\",\"url\":\"https:\/\/giorgioevents.es\/\",\"name\":\"Giorgio Events\",\"description\":\"Giorgio Events\",\"publisher\":{\"@id\":\"https:\/\/giorgioevents.es\/#organization\"},\"potentialAction\":[{\"@type\":\"SearchAction\",\"target\":{\"@type\":\"EntryPoint\",\"urlTemplate\":\"https:\/\/giorgioevents.es\/?s={search_term_string}\"},\"query-input\":\"required name=search_term_string\"}],\"inLanguage\":\"ca\"},{\"@type\":\"Organization\",\"@id\":\"https:\/\/giorgioevents.es\/#organization\",\"name\":\"Giorgio Events\",\"url\":\"https:\/\/giorgioevents.es\/\",\"logo\":{\"@type\":\"ImageObject\",\"inLanguage\":\"ca\",\"@id\":\"https:\/\/giorgioevents.es\/#\/schema\/logo\/image\/\",\"url\":\"http:\/\/giorgioevents.es\/wp-content\/uploads\/2023\/03\/Recurso-3.png\",\"contentUrl\":\"http:\/\/giorgioevents.es\/wp-content\/uploads\/2023\/03\/Recurso-3.png\",\"width\":345,\"height\":346,\"caption\":\"Giorgio Events\"},\"image\":{\"@id\":\"https:\/\/giorgioevents.es\/#\/schema\/logo\/image\/\"},\"sameAs\":[\"https:\/\/www.facebook.com\/giorgioevents2020\/\"]}]}<\/script>\n<!-- \/ Yoast SEO plugin. -->","yoast_head_json":{"title":"Contact - Giorgio Events","robots":{"index":"index","follow":"follow","max-snippet":"max-snippet:-1","max-image-preview":"max-image-preview:large","max-video-preview":"max-video-preview:-1"},"canonical":"https:\/\/giorgioevents.es\/ca\/contact\/","og_locale":"ca_ES","og_type":"article","og_title":"Contact - Giorgio Events","og_description":"Contactanos","og_url":"https:\/\/giorgioevents.es\/ca\/contact\/","og_site_name":"Giorgio Events","article_publisher":"https:\/\/www.facebook.com\/giorgioevents2020\/","article_modified_time":"2023-04-14T16:11:52+00:00","og_image":[{"url":"http:\/\/giorgioevents.es\/wp-content\/uploads\/2023\/04\/LOGO10-removebg-preview.png"}],"twitter_card":"summary_large_image","twitter_misc":{"Temps estimat de lectura":"4 minuts"},"schema":{"@context":"https:\/\/schema.org","@graph":[{"@type":"WebPage","@id":"https:\/\/giorgioevents.es\/contact\/","url":"https:\/\/giorgioevents.es\/contact\/","name":"Contact - Giorgio Events","isPartOf":{"@id":"https:\/\/giorgioevents.es\/#website"},"datePublished":"2020-11-25T09:13:30+00:00","dateModified":"2023-04-14T16:11:52+00:00","breadcrumb":{"@id":"https:\/\/giorgioevents.es\/contact\/#breadcrumb"},"inLanguage":"ca","potentialAction":[{"@type":"ReadAction","target":["https:\/\/giorgioevents.es\/contact\/"]}]},{"@type":"BreadcrumbList","@id":"https:\/\/giorgioevents.es\/contact\/#breadcrumb","itemListElement":[{"@type":"ListItem","position":1,"name":"Home","item":"https:\/\/giorgioevents.es\/"},{"@type":"ListItem","position":2,"name":"Contact"}]},{"@type":"WebSite","@id":"https:\/\/giorgioevents.es\/#website","url":"https:\/\/giorgioevents.es\/","name":"Giorgio Events","description":"Giorgio Events","publisher":{"@id":"https:\/\/giorgioevents.es\/#organization"},"potentialAction":[{"@type":"SearchAction","target":{"@type":"EntryPoint","urlTemplate":"https:\/\/giorgioevents.es\/?s={search_term_string}"},"query-input":"required name=search_term_string"}],"inLanguage":"ca"},{"@type":"Organization","@id":"https:\/\/giorgioevents.es\/#organization","name":"Giorgio Events","url":"https:\/\/giorgioevents.es\/","logo":{"@type":"ImageObject","inLanguage":"ca","@id":"https:\/\/giorgioevents.es\/#\/schema\/logo\/image\/","url":"http:\/\/giorgioevents.es\/wp-content\/uploads\/2023\/03\/Recurso-3.png","contentUrl":"http:\/\/giorgioevents.es\/wp-content\/uploads\/2023\/03\/Recurso-3.png","width":345,"height":346,"caption":"Giorgio Events"},"image":{"@id":"https:\/\/giorgioevents.es\/#\/schema\/logo\/image\/"},"sameAs":["https:\/\/www.facebook.com\/giorgioevents2020\/"]}]}},"_links":{"self":[{"href":"https:\/\/giorgioevents.es\/ca\/wp-json\/wp\/v2\/pages\/782"}],"collection":[{"href":"https:\/\/giorgioevents.es\/ca\/wp-json\/wp\/v2\/pages"}],"about":[{"href":"https:\/\/giorgioevents.es\/ca\/wp-json\/wp\/v2\/types\/page"}],"author":[{"embeddable":true,"href":"https:\/\/giorgioevents.es\/ca\/wp-json\/wp\/v2\/users\/1"}],"replies":[{"embeddable":true,"href":"https:\/\/giorgioevents.es\/ca\/wp-json\/wp\/v2\/comments?post=782"}],"version-history":[{"count":15,"href":"https:\/\/giorgioevents.es\/ca\/wp-json\/wp\/v2\/pages\/782\/revisions"}],"predecessor-version":[{"id":1731,"href":"https:\/\/giorgioevents.es\/ca\/wp-json\/wp\/v2\/pages\/782\/revisions\/1731"}],"wp:attachment":[{"href":"https:\/\/giorgioevents.es\/ca\/wp-json\/wp\/v2\/media?parent=782"}],"curies":[{"name":"wp","href":"https:\/\/api.w.org\/{rel}","templated":true}]}}